{"id":32837,"date":"2026-04-14T13:18:21","date_gmt":"2026-04-14T11:18:21","guid":{"rendered":"https:\/\/grozio.pro\/product\/be-kategorijos\/jaunystes-pudra-n30-2\/"},"modified":"2026-05-07T12:41:32","modified_gmt":"2026-05-07T10:41:32","slug":"jaunystes-pudra-n30-2","status":"publish","type":"product","link":"https:\/\/grozio.pro\/en\/product\/sothys\/jaunystes-pudra-n30-2\/","title":{"rendered":"Jaunyst\u0117s pudra N30"},"content":{"rendered":"","protected":false},"excerpt":{"rendered":"<p>Vidutinio maskavimo, satininio efekto makia\u017eo pagrindas &#8211; suteikiantis odai tolyg\u0173 atspalv\u012f, padedantis kovoti su oksidaciniu stresu, ma\u017einantis sen\u0117jimo po\u017eymius.<\/p>\n","protected":false},"featured_media":38444,"template":"","meta":{"_acf_changed":false},"product_brand":[],"product_cat":[380,422],"product_tag":[],"class_list":{"0":"post-32837","1":"product","2":"type-product","3":"status-publish","4":"has-post-thumbnail","6":"product_cat-namu-prieziura","7":"product_cat-makiazas","8":"yith_product_brand-sothys","10":"first","11":"instock","12":"taxable","13":"shipping-taxable","14":"product-type-simple"},"acf":[],"_links":{"self":[{"href":"https:\/\/grozio.pro\/en\/wp-json\/wp\/v2\/product\/32837","targetHints":{"allow":["GET"]}}],"collection":[{"href":"https:\/\/grozio.pro\/en\/wp-json\/wp\/v2\/product"}],"about":[{"href":"https:\/\/grozio.pro\/en\/wp-json\/wp\/v2\/types\/product"}],"wp:featuredmedia":[{"embeddable":true,"href":"https:\/\/grozio.pro\/en\/wp-json\/wp\/v2\/media\/38444"}],"wp:attachment":[{"href":"https:\/\/grozio.pro\/en\/wp-json\/wp\/v2\/media?parent=32837"}],"wp:term":[{"taxonomy":"product_brand","embeddable":true,"href":"https:\/\/grozio.pro\/en\/wp-json\/wp\/v2\/product_brand?post=32837"},{"taxonomy":"product_cat","embeddable":true,"href":"https:\/\/grozio.pro\/en\/wp-json\/wp\/v2\/product_cat?post=32837"},{"taxonomy":"product_tag","embeddable":true,"href":"https:\/\/grozio.pro\/en\/wp-json\/wp\/v2\/product_tag?post=32837"}],"curies":[{"name":"wp","href":"https:\/\/api.w.org\/{rel}","templated":true}]}}