{"id":32845,"date":"2026-04-14T13:18:35","date_gmt":"2026-04-14T11:18:35","guid":{"rendered":"https:\/\/grozio.pro\/product\/be-kategorijos\/teint-detox-energie-finish-perfect-n10\/"},"modified":"2026-04-14T14:49:09","modified_gmt":"2026-04-14T12:49:09","slug":"teint-detox-energie-finish-perfect-n10","status":"publish","type":"product","link":"https:\/\/grozio.pro\/en\/product\/sothys\/teint-detox-energie-finish-perfect-n10\/","title":{"rendered":"Teint Detox Energie\u2122, finish perfect N10"},"content":{"rendered":"<p>J\u016bs\u0173 tolygios veido spalvos receptas! Detox Energie\u2122 makia\u017eo pagrindas tiems, kurie nori pasl\u0117pti bet kokius odos netobulumus (didel\u0117s poros, raudonis, d\u0117mel\u0117s). SAVYB\u0116S: STIPRUS MASKAVIMAS PUSIAU MATINIS PADENGIMAS 8 VALAND\u0172 NEPRIKAI\u0160TINGAS I\u0160LAIKYMAS \u0160VELNI, LENGVAI TEPAMA TEKST\u016aRA PRODUKTO TIKSLAI: DR\u0116KINTI botanin\u0117 hialurono r\u016bg\u0161tis. PUOSEL\u0116TI omega 3,6 ir 9 kompleksas, skirtas maitinan\u010diam, stangrinan\u010diam ir atgaivinan\u010diam poveikiui. APSAUGOTI NUO TAR\u0160OS-NEUTRALIZUOTI LAISVUOSIUS RADIKALUS ekologi\u0161kas \u0161eivamed\u017eio uog\u0173 ekstraktas (svarstomas patentas FR 18 53898).<\/p>\n","protected":false},"excerpt":{"rendered":"<p>Stipraus maskavimo, pusiau matinio efekto makia\u017eo pagrindas &#8211; suteikiantis odai tolyg\u0173 atspalv\u012f, apsaugantis nuo aplinkos tar\u0161os bei leid\u017eiantis odai kv\u0117puoti.<\/p>\n","protected":false},"featured_media":33857,"template":"","meta":{"_acf_changed":false},"product_brand":[],"product_cat":[422],"product_tag":[],"class_list":{"0":"post-32845","1":"product","2":"type-product","3":"status-publish","4":"has-post-thumbnail","6":"product_cat-makiazas","7":"yith_product_brand-sothys","9":"first","10":"outofstock","11":"taxable","12":"shipping-taxable","13":"product-type-simple"},"acf":[],"_links":{"self":[{"href":"https:\/\/grozio.pro\/en\/wp-json\/wp\/v2\/product\/32845","targetHints":{"allow":["GET"]}}],"collection":[{"href":"https:\/\/grozio.pro\/en\/wp-json\/wp\/v2\/product"}],"about":[{"href":"https:\/\/grozio.pro\/en\/wp-json\/wp\/v2\/types\/product"}],"wp:featuredmedia":[{"embeddable":true,"href":"https:\/\/grozio.pro\/en\/wp-json\/wp\/v2\/media\/33857"}],"wp:attachment":[{"href":"https:\/\/grozio.pro\/en\/wp-json\/wp\/v2\/media?parent=32845"}],"wp:term":[{"taxonomy":"product_brand","embeddable":true,"href":"https:\/\/grozio.pro\/en\/wp-json\/wp\/v2\/product_brand?post=32845"},{"taxonomy":"product_cat","embeddable":true,"href":"https:\/\/grozio.pro\/en\/wp-json\/wp\/v2\/product_cat?post=32845"},{"taxonomy":"product_tag","embeddable":true,"href":"https:\/\/grozio.pro\/en\/wp-json\/wp\/v2\/product_tag?post=32845"}],"curies":[{"name":"wp","href":"https:\/\/api.w.org\/{rel}","templated":true}]}}