{"id":32897,"date":"2026-04-14T13:20:43","date_gmt":"2026-04-14T11:20:43","guid":{"rendered":"https:\/\/grozio.pro\/product\/be-kategorijos\/secrets-cream\/"},"modified":"2026-04-14T16:15:38","modified_gmt":"2026-04-14T14:15:38","slug":"secrets-cream","status":"publish","type":"product","link":"https:\/\/grozio.pro\/en\/product\/sothys\/secrets-cream\/","title":{"rendered":"Secrets cream"},"content":{"rendered":"","protected":false},"excerpt":{"rendered":"<p>Prabangus Jaunyst\u0119 odoje tausojantis kremas savo &#8220;paslaptis&#8221; atskleid\u017eia vos u\u017esitepus ant odos &#8211; akimirksniu gerinamas odos tonusas. Ilgalaikiai odos b\u016bkl\u0117s gerinimo rezultatai l\u0105steliniame lygmenyje.<\/p>\n","protected":false},"featured_media":34884,"template":"","meta":{"_acf_changed":false},"product_brand":[],"product_cat":[394],"product_tag":[],"class_list":{"0":"post-32897","1":"product","2":"type-product","3":"status-publish","4":"has-post-thumbnail","6":"product_cat-veido-prieziura","7":"yith_product_brand-sothys","9":"first","10":"instock","11":"taxable","12":"shipping-taxable","13":"product-type-simple"},"acf":[],"_links":{"self":[{"href":"https:\/\/grozio.pro\/en\/wp-json\/wp\/v2\/product\/32897","targetHints":{"allow":["GET"]}}],"collection":[{"href":"https:\/\/grozio.pro\/en\/wp-json\/wp\/v2\/product"}],"about":[{"href":"https:\/\/grozio.pro\/en\/wp-json\/wp\/v2\/types\/product"}],"wp:featuredmedia":[{"embeddable":true,"href":"https:\/\/grozio.pro\/en\/wp-json\/wp\/v2\/media\/34884"}],"wp:attachment":[{"href":"https:\/\/grozio.pro\/en\/wp-json\/wp\/v2\/media?parent=32897"}],"wp:term":[{"taxonomy":"product_brand","embeddable":true,"href":"https:\/\/grozio.pro\/en\/wp-json\/wp\/v2\/product_brand?post=32897"},{"taxonomy":"product_cat","embeddable":true,"href":"https:\/\/grozio.pro\/en\/wp-json\/wp\/v2\/product_cat?post=32897"},{"taxonomy":"product_tag","embeddable":true,"href":"https:\/\/grozio.pro\/en\/wp-json\/wp\/v2\/product_tag?post=32897"}],"curies":[{"name":"wp","href":"https:\/\/api.w.org\/{rel}","templated":true}]}}