{"id":33109,"date":"2026-04-14T13:40:31","date_gmt":"2026-04-14T11:40:31","guid":{"rendered":"https:\/\/grozio.pro\/product\/be-kategorijos\/ultra-lipid-sos-serum\/"},"modified":"2026-04-14T13:54:28","modified_gmt":"2026-04-14T11:54:28","slug":"ultra-lipid-sos-serum","status":"publish","type":"product","link":"https:\/\/grozio.pro\/en\/product\/sothys\/ultra-lipid-sos-serum\/","title":{"rendered":"Ultra-lipid SOS serum"},"content":{"rendered":"","protected":false},"excerpt":{"rendered":"<p>Akimirksniu ramina diskomforto poj\u016b\u010dius ir atkuria odos ekosistemos balans\u0105.<\/p>\n","protected":false},"featured_media":33236,"template":"","meta":{"_acf_changed":false},"product_brand":[],"product_cat":[394],"product_tag":[],"class_list":{"0":"post-33109","1":"product","2":"type-product","3":"status-publish","4":"has-post-thumbnail","6":"product_cat-veido-prieziura","7":"yith_product_brand-sothys","9":"first","10":"instock","11":"taxable","12":"shipping-taxable","13":"product-type-simple"},"acf":[],"_links":{"self":[{"href":"https:\/\/grozio.pro\/en\/wp-json\/wp\/v2\/product\/33109","targetHints":{"allow":["GET"]}}],"collection":[{"href":"https:\/\/grozio.pro\/en\/wp-json\/wp\/v2\/product"}],"about":[{"href":"https:\/\/grozio.pro\/en\/wp-json\/wp\/v2\/types\/product"}],"wp:featuredmedia":[{"embeddable":true,"href":"https:\/\/grozio.pro\/en\/wp-json\/wp\/v2\/media\/33236"}],"wp:attachment":[{"href":"https:\/\/grozio.pro\/en\/wp-json\/wp\/v2\/media?parent=33109"}],"wp:term":[{"taxonomy":"product_brand","embeddable":true,"href":"https:\/\/grozio.pro\/en\/wp-json\/wp\/v2\/product_brand?post=33109"},{"taxonomy":"product_cat","embeddable":true,"href":"https:\/\/grozio.pro\/en\/wp-json\/wp\/v2\/product_cat?post=33109"},{"taxonomy":"product_tag","embeddable":true,"href":"https:\/\/grozio.pro\/en\/wp-json\/wp\/v2\/product_tag?post=33109"}],"curies":[{"name":"wp","href":"https:\/\/api.w.org\/{rel}","templated":true}]}}