{"id":33134,"date":"2026-04-14T13:41:26","date_gmt":"2026-04-14T11:41:26","guid":{"rendered":"https:\/\/grozio.pro\/product\/be-kategorijos\/ultra-rich-nutritive-cream\/"},"modified":"2026-04-14T13:55:41","modified_gmt":"2026-04-14T11:55:41","slug":"ultra-rich-nutritive-cream","status":"publish","type":"product","link":"https:\/\/grozio.pro\/en\/product\/sothys\/ultra-rich-nutritive-cream\/","title":{"rendered":"Ultra-rich nutritive cream"},"content":{"rendered":"<p>\u0160is kremas, malonia tirpstan\u010dia tekst\u016bra, sukurtas intensyviai maitinti ir pad\u0117ti regeneruoti od\u0105, taip pat atkuriant jos balans\u0105. Oda susigr\u0105\u017eina \u0161velnum\u0105 ir yra pamaitinta, tod\u0117l \u017eymiai geriau apsaugota nuo i\u0161orini\u0173 veiksni\u0173 veikiamo sen\u0117jimo po\u017eymi\u0173. Remiantis pa\u017eangiais tyrimais, Sothys pristato naujos kartos maitinan\u010dius od\u0105 produktus, kurie yra puikus sprendimas atstatyti pa\u017eeist\u0105 apsaugin\u012f odos barjer\u0105, bei apsaugoti odos mikrobiot\u0105, suteikiant komforti\u0161k\u0105 poj\u016bt\u012f.<\/p>\n","protected":false},"excerpt":{"rendered":"<p>Kremas maloniai apgaubian\u010dia ir raminan\u010dia tekst\u016bra, d\u0117l kurios intensyviai maitina od\u0105, regeneruoja j\u0105 ir atkuria odos balans\u0105.<\/p>\n","protected":false},"featured_media":33252,"template":"","meta":{"_acf_changed":false},"product_brand":[],"product_cat":[394],"product_tag":[],"class_list":{"0":"post-33134","1":"product","2":"type-product","3":"status-publish","4":"has-post-thumbnail","6":"product_cat-veido-prieziura","7":"yith_product_brand-sothys","9":"first","10":"instock","11":"taxable","12":"shipping-taxable","13":"product-type-simple"},"acf":[],"_links":{"self":[{"href":"https:\/\/grozio.pro\/en\/wp-json\/wp\/v2\/product\/33134","targetHints":{"allow":["GET"]}}],"collection":[{"href":"https:\/\/grozio.pro\/en\/wp-json\/wp\/v2\/product"}],"about":[{"href":"https:\/\/grozio.pro\/en\/wp-json\/wp\/v2\/types\/product"}],"wp:featuredmedia":[{"embeddable":true,"href":"https:\/\/grozio.pro\/en\/wp-json\/wp\/v2\/media\/33252"}],"wp:attachment":[{"href":"https:\/\/grozio.pro\/en\/wp-json\/wp\/v2\/media?parent=33134"}],"wp:term":[{"taxonomy":"product_brand","embeddable":true,"href":"https:\/\/grozio.pro\/en\/wp-json\/wp\/v2\/product_brand?post=33134"},{"taxonomy":"product_cat","embeddable":true,"href":"https:\/\/grozio.pro\/en\/wp-json\/wp\/v2\/product_cat?post=33134"},{"taxonomy":"product_tag","embeddable":true,"href":"https:\/\/grozio.pro\/en\/wp-json\/wp\/v2\/product_tag?post=33134"}],"curies":[{"name":"wp","href":"https:\/\/api.w.org\/{rel}","templated":true}]}}