{"id":33140,"date":"2026-04-14T13:41:40","date_gmt":"2026-04-14T11:41:40","guid":{"rendered":"https:\/\/grozio.pro\/product\/be-kategorijos\/shower-cream-cherry-blossom-and-lotus-escape\/"},"modified":"2026-04-14T13:55:59","modified_gmt":"2026-04-14T11:55:59","slug":"shower-cream-cherry-blossom-and-lotus-escape","status":"publish","type":"product","link":"https:\/\/grozio.pro\/en\/product\/sothys\/shower-cream-cherry-blossom-and-lotus-escape\/","title":{"rendered":"Shower cream &#8211; Cherry blossom and lotus escape"},"content":{"rendered":"","protected":false},"excerpt":{"rendered":"<p>Du\u0161o kremas \u0161velniai prausia od\u0105 ir suteikia jai subtilaus aromato.<\/p>\n","protected":false},"featured_media":33262,"template":"","meta":{"_acf_changed":false},"product_brand":[],"product_cat":[392],"product_tag":[],"class_list":{"0":"post-33140","1":"product","2":"type-product","3":"status-publish","4":"has-post-thumbnail","6":"product_cat-kuno-prieziura","7":"yith_product_brand-sothys","9":"first","10":"instock","11":"taxable","12":"shipping-taxable","13":"product-type-simple"},"acf":[],"_links":{"self":[{"href":"https:\/\/grozio.pro\/en\/wp-json\/wp\/v2\/product\/33140","targetHints":{"allow":["GET"]}}],"collection":[{"href":"https:\/\/grozio.pro\/en\/wp-json\/wp\/v2\/product"}],"about":[{"href":"https:\/\/grozio.pro\/en\/wp-json\/wp\/v2\/types\/product"}],"wp:featuredmedia":[{"embeddable":true,"href":"https:\/\/grozio.pro\/en\/wp-json\/wp\/v2\/media\/33262"}],"wp:attachment":[{"href":"https:\/\/grozio.pro\/en\/wp-json\/wp\/v2\/media?parent=33140"}],"wp:term":[{"taxonomy":"product_brand","embeddable":true,"href":"https:\/\/grozio.pro\/en\/wp-json\/wp\/v2\/product_brand?post=33140"},{"taxonomy":"product_cat","embeddable":true,"href":"https:\/\/grozio.pro\/en\/wp-json\/wp\/v2\/product_cat?post=33140"},{"taxonomy":"product_tag","embeddable":true,"href":"https:\/\/grozio.pro\/en\/wp-json\/wp\/v2\/product_tag?post=33140"}],"curies":[{"name":"wp","href":"https:\/\/api.w.org\/{rel}","templated":true}]}}