{"id":33148,"date":"2026-04-14T13:42:01","date_gmt":"2026-04-14T11:42:01","guid":{"rendered":"https:\/\/grozio.pro\/product\/be-kategorijos\/morning-cleanser\/"},"modified":"2026-04-14T13:56:26","modified_gmt":"2026-04-14T11:56:26","slug":"morning-cleanser","status":"publish","type":"product","link":"https:\/\/grozio.pro\/en\/product\/sothys\/morning-cleanser\/","title":{"rendered":"Morning cleanser"},"content":{"rendered":"","protected":false},"excerpt":{"rendered":"<p>\u0160velnus valomasis kremas su ramun\u0117li\u0173 estraktu ir sald\u017ei\u0173j\u0173 migdol\u0173 aliejumi \u0161velniai nuvalo visus dienos metu susikaupusius ne\u0161varumus.<\/p>\n","protected":false},"featured_media":0,"template":"","meta":{"_acf_changed":false},"product_brand":[],"product_cat":[394],"product_tag":[],"class_list":{"0":"post-33148","1":"product","2":"type-product","3":"status-publish","5":"product_cat-veido-prieziura","6":"yith_product_brand-sothys","8":"first","9":"instock","10":"taxable","11":"shipping-taxable","12":"product-type-simple"},"acf":[],"_links":{"self":[{"href":"https:\/\/grozio.pro\/en\/wp-json\/wp\/v2\/product\/33148","targetHints":{"allow":["GET"]}}],"collection":[{"href":"https:\/\/grozio.pro\/en\/wp-json\/wp\/v2\/product"}],"about":[{"href":"https:\/\/grozio.pro\/en\/wp-json\/wp\/v2\/types\/product"}],"wp:attachment":[{"href":"https:\/\/grozio.pro\/en\/wp-json\/wp\/v2\/media?parent=33148"}],"wp:term":[{"taxonomy":"product_brand","embeddable":true,"href":"https:\/\/grozio.pro\/en\/wp-json\/wp\/v2\/product_brand?post=33148"},{"taxonomy":"product_cat","embeddable":true,"href":"https:\/\/grozio.pro\/en\/wp-json\/wp\/v2\/product_cat?post=33148"},{"taxonomy":"product_tag","embeddable":true,"href":"https:\/\/grozio.pro\/en\/wp-json\/wp\/v2\/product_tag?post=33148"}],"curies":[{"name":"wp","href":"https:\/\/api.w.org\/{rel}","templated":true}]}}