{"id":33154,"date":"2026-04-14T13:42:23","date_gmt":"2026-04-14T11:42:23","guid":{"rendered":"https:\/\/grozio.pro\/product\/be-kategorijos\/energizing-hair-and-body-gel-cleanser\/"},"modified":"2026-04-14T13:57:10","modified_gmt":"2026-04-14T11:57:10","slug":"energizing-hair-and-body-gel-cleanser","status":"publish","type":"product","link":"https:\/\/grozio.pro\/en\/product\/sothys\/energizing-hair-and-body-gel-cleanser\/","title":{"rendered":"Energizing hair and body gel cleanser"},"content":{"rendered":"","protected":false},"excerpt":{"rendered":"<p>\u0160velniai prausia ir suteikia energijos, nekei\u010diant odos ir plauk\u0173 balanso.<\/p>\n","protected":false},"featured_media":33285,"template":"","meta":{"_acf_changed":false},"product_brand":[],"product_cat":[3021],"product_tag":[],"class_list":{"0":"post-33154","1":"product","2":"type-product","3":"status-publish","4":"has-post-thumbnail","6":"product_cat-vyru-odos-prieziura","7":"yith_product_brand-sothys","9":"first","10":"instock","11":"taxable","12":"shipping-taxable","13":"product-type-simple"},"acf":[],"_links":{"self":[{"href":"https:\/\/grozio.pro\/en\/wp-json\/wp\/v2\/product\/33154","targetHints":{"allow":["GET"]}}],"collection":[{"href":"https:\/\/grozio.pro\/en\/wp-json\/wp\/v2\/product"}],"about":[{"href":"https:\/\/grozio.pro\/en\/wp-json\/wp\/v2\/types\/product"}],"wp:featuredmedia":[{"embeddable":true,"href":"https:\/\/grozio.pro\/en\/wp-json\/wp\/v2\/media\/33285"}],"wp:attachment":[{"href":"https:\/\/grozio.pro\/en\/wp-json\/wp\/v2\/media?parent=33154"}],"wp:term":[{"taxonomy":"product_brand","embeddable":true,"href":"https:\/\/grozio.pro\/en\/wp-json\/wp\/v2\/product_brand?post=33154"},{"taxonomy":"product_cat","embeddable":true,"href":"https:\/\/grozio.pro\/en\/wp-json\/wp\/v2\/product_cat?post=33154"},{"taxonomy":"product_tag","embeddable":true,"href":"https:\/\/grozio.pro\/en\/wp-json\/wp\/v2\/product_tag?post=33154"}],"curies":[{"name":"wp","href":"https:\/\/api.w.org\/{rel}","templated":true}]}}