{"id":33157,"date":"2026-04-14T13:42:31","date_gmt":"2026-04-14T11:42:31","guid":{"rendered":"https:\/\/grozio.pro\/product\/be-kategorijos\/facial-cleansing-gel-e-p\/"},"modified":"2026-05-07T13:20:43","modified_gmt":"2026-05-07T11:20:43","slug":"facial-cleansing-gel-e-p","status":"publish","type":"product","link":"https:\/\/grozio.pro\/en\/product\/sothys\/facial-cleansing-gel-e-p\/","title":{"rendered":"FACIAL CLEANSING GEL E.P"},"content":{"rendered":"","protected":false},"excerpt":{"rendered":"<p>Gaivinantis veido prausimosi gelis, \u0161velniai pa\u0161alina odos ne\u0161varumus.<\/p>\n","protected":false},"featured_media":38523,"template":"","meta":{"_acf_changed":false},"product_brand":[],"product_cat":[3118],"product_tag":[],"class_list":{"0":"post-33157","1":"product","2":"type-product","3":"status-publish","4":"has-post-thumbnail","6":"product_cat-skin-care","7":"yith_product_brand-sothys","9":"first","10":"instock","11":"taxable","12":"shipping-taxable","13":"product-type-simple"},"acf":[],"_links":{"self":[{"href":"https:\/\/grozio.pro\/en\/wp-json\/wp\/v2\/product\/33157","targetHints":{"allow":["GET"]}}],"collection":[{"href":"https:\/\/grozio.pro\/en\/wp-json\/wp\/v2\/product"}],"about":[{"href":"https:\/\/grozio.pro\/en\/wp-json\/wp\/v2\/types\/product"}],"wp:featuredmedia":[{"embeddable":true,"href":"https:\/\/grozio.pro\/en\/wp-json\/wp\/v2\/media\/38523"}],"wp:attachment":[{"href":"https:\/\/grozio.pro\/en\/wp-json\/wp\/v2\/media?parent=33157"}],"wp:term":[{"taxonomy":"product_brand","embeddable":true,"href":"https:\/\/grozio.pro\/en\/wp-json\/wp\/v2\/product_brand?post=33157"},{"taxonomy":"product_cat","embeddable":true,"href":"https:\/\/grozio.pro\/en\/wp-json\/wp\/v2\/product_cat?post=33157"},{"taxonomy":"product_tag","embeddable":true,"href":"https:\/\/grozio.pro\/en\/wp-json\/wp\/v2\/product_tag?post=33157"}],"curies":[{"name":"wp","href":"https:\/\/api.w.org\/{rel}","templated":true}]}}