{"id":33162,"date":"2026-04-14T13:42:45","date_gmt":"2026-04-14T11:42:45","guid":{"rendered":"https:\/\/grozio.pro\/product\/be-kategorijos\/eau-fraiche-eden-park\/"},"modified":"2026-04-14T13:57:42","modified_gmt":"2026-04-14T11:57:42","slug":"eau-fraiche-eden-park","status":"publish","type":"product","link":"https:\/\/grozio.pro\/en\/product\/sothys\/eau-fraiche-eden-park\/","title":{"rendered":"Eau fraiche Eden Park"},"content":{"rendered":"","protected":false},"excerpt":{"rendered":"<p>Gaivios bergamot\u0117s ir pa\u010diuli\u0173 bei sandalmed\u017eio kvap\u0173 derinys \u0161velniai apgaubia eleganti\u0161ku aromatu.<\/p>\n","protected":false},"featured_media":33300,"template":"","meta":{"_acf_changed":false},"product_brand":[],"product_cat":[392],"product_tag":[],"class_list":{"0":"post-33162","1":"product","2":"type-product","3":"status-publish","4":"has-post-thumbnail","6":"product_cat-kuno-prieziura","7":"yith_product_brand-sothys","9":"first","10":"instock","11":"taxable","12":"shipping-taxable","13":"product-type-simple"},"acf":[],"_links":{"self":[{"href":"https:\/\/grozio.pro\/en\/wp-json\/wp\/v2\/product\/33162","targetHints":{"allow":["GET"]}}],"collection":[{"href":"https:\/\/grozio.pro\/en\/wp-json\/wp\/v2\/product"}],"about":[{"href":"https:\/\/grozio.pro\/en\/wp-json\/wp\/v2\/types\/product"}],"wp:featuredmedia":[{"embeddable":true,"href":"https:\/\/grozio.pro\/en\/wp-json\/wp\/v2\/media\/33300"}],"wp:attachment":[{"href":"https:\/\/grozio.pro\/en\/wp-json\/wp\/v2\/media?parent=33162"}],"wp:term":[{"taxonomy":"product_brand","embeddable":true,"href":"https:\/\/grozio.pro\/en\/wp-json\/wp\/v2\/product_brand?post=33162"},{"taxonomy":"product_cat","embeddable":true,"href":"https:\/\/grozio.pro\/en\/wp-json\/wp\/v2\/product_cat?post=33162"},{"taxonomy":"product_tag","embeddable":true,"href":"https:\/\/grozio.pro\/en\/wp-json\/wp\/v2\/product_tag?post=33162"}],"curies":[{"name":"wp","href":"https:\/\/api.w.org\/{rel}","templated":true}]}}