{"id":33247,"date":"2026-04-14T13:55:30","date_gmt":"2026-04-14T11:55:30","guid":{"rendered":"https:\/\/grozio.pro\/product\/be-kategorijos\/soothing-serum-spa\/"},"modified":"2026-04-14T14:07:25","modified_gmt":"2026-04-14T12:07:25","slug":"soothing-serum-spa","status":"publish","type":"product","link":"https:\/\/grozio.pro\/en\/product\/sothys\/soothing-serum-spa\/","title":{"rendered":"Soothing serum SPA"},"content":{"rendered":"<p>Fluido tekst\u016bros serumas sukurtas greitai neutralizuoti ilgalaikius ar trumpalaikius nemalonius diskomforto poj\u016b\u010dius sukeltus i\u0161jautr\u0117jusios odos, taip pat u\u017ekertant keli\u0105 jiems atsirasti. Jautrios odos linija praturtinta TERMINIU SPA\u2122 VANDENIU Belgijos Ard\u0117n\u0173 kaln\u0173 masyvo \u0161irdyje randamu nat\u016braliu \u0161altinio vandeniu, turin\u010diu didel\u0119 naud\u0105. Nuo 16 a. SPA\u2122 terminis vanduo* buvo pripa\u017eintas ir naudojamas t\u016bkstan\u010di\u0173 SPA lankytoj\u0173. Sothys Pa\u017eang\u016bs tyrimai u\u017etikrina, kad \u0161io i\u0161skirtinio vandens privalumais gal\u0117t\u0173 m\u0117gautis trapiausia oda: nat\u016braliai jautri ar laikinai \u012fjautrinta** oda. &#8220;Spa\u2122 Thermal Water*&#8221; bekvap\u0117s linijos formul\u0117s buvo specialiai sukurtos taip, kad pad\u0117t\u0173 puos\u0117l\u0117ti net jautausias odas. * Marie-Henriette nat\u016bralus mineralinis \u0161altinio vanduo i\u0161 saugomos aplinkos. ** \u012fjautrinta oda = kartais jautri oda.<\/p>\n","protected":false},"excerpt":{"rendered":"<p>Greitai neutralizuoja nuolat ar kartkart\u0117mis jau\u010diam\u0105 odos diskomfort\u0105 ir u\u017ekerta jam keli\u0105.<\/p>\n","protected":false},"featured_media":33350,"template":"","meta":{"_acf_changed":false},"product_brand":[],"product_cat":[394],"product_tag":[],"class_list":{"0":"post-33247","1":"product","2":"type-product","3":"status-publish","4":"has-post-thumbnail","6":"product_cat-veido-prieziura","7":"yith_product_brand-sothys","9":"first","10":"instock","11":"taxable","12":"shipping-taxable","13":"product-type-simple"},"acf":[],"_links":{"self":[{"href":"https:\/\/grozio.pro\/en\/wp-json\/wp\/v2\/product\/33247","targetHints":{"allow":["GET"]}}],"collection":[{"href":"https:\/\/grozio.pro\/en\/wp-json\/wp\/v2\/product"}],"about":[{"href":"https:\/\/grozio.pro\/en\/wp-json\/wp\/v2\/types\/product"}],"wp:featuredmedia":[{"embeddable":true,"href":"https:\/\/grozio.pro\/en\/wp-json\/wp\/v2\/media\/33350"}],"wp:attachment":[{"href":"https:\/\/grozio.pro\/en\/wp-json\/wp\/v2\/media?parent=33247"}],"wp:term":[{"taxonomy":"product_brand","embeddable":true,"href":"https:\/\/grozio.pro\/en\/wp-json\/wp\/v2\/product_brand?post=33247"},{"taxonomy":"product_cat","embeddable":true,"href":"https:\/\/grozio.pro\/en\/wp-json\/wp\/v2\/product_cat?post=33247"},{"taxonomy":"product_tag","embeddable":true,"href":"https:\/\/grozio.pro\/en\/wp-json\/wp\/v2\/product_tag?post=33247"}],"curies":[{"name":"wp","href":"https:\/\/api.w.org\/{rel}","templated":true}]}}