{"id":33256,"date":"2026-04-14T13:55:48","date_gmt":"2026-04-14T11:55:48","guid":{"rendered":"https:\/\/grozio.pro\/product\/be-kategorijos\/biological-skin-peeling-2025\/"},"modified":"2026-05-07T13:25:00","modified_gmt":"2026-05-07T11:25:00","slug":"biological-skin-peeling-2025","status":"publish","type":"product","link":"https:\/\/grozio.pro\/en\/product\/sothys\/biological-skin-peeling-2025\/","title":{"rendered":"Biological skin peeling 2025"},"content":{"rendered":"<p>Original Sothys grain-free formula with jasmine extract to gently remove dead cells and promote cell renewal.<\/p>","protected":false},"excerpt":{"rendered":"<p>\u0160velniai pa\u0161alina negyvas l\u0105steles ir skatina l\u0105steli\u0173 atsinaujinim\u0105.<\/p>\n","protected":false},"featured_media":38538,"template":"","meta":{"_acf_changed":false},"product_brand":[],"product_cat":[3118],"product_tag":[],"class_list":{"0":"post-33256","1":"product","2":"type-product","3":"status-publish","4":"has-post-thumbnail","6":"product_cat-skin-care","7":"yith_product_brand-sothys","9":"first","10":"outofstock","11":"taxable","12":"shipping-taxable","13":"product-type-simple"},"acf":[],"_links":{"self":[{"href":"https:\/\/grozio.pro\/en\/wp-json\/wp\/v2\/product\/33256","targetHints":{"allow":["GET"]}}],"collection":[{"href":"https:\/\/grozio.pro\/en\/wp-json\/wp\/v2\/product"}],"about":[{"href":"https:\/\/grozio.pro\/en\/wp-json\/wp\/v2\/types\/product"}],"wp:featuredmedia":[{"embeddable":true,"href":"https:\/\/grozio.pro\/en\/wp-json\/wp\/v2\/media\/38538"}],"wp:attachment":[{"href":"https:\/\/grozio.pro\/en\/wp-json\/wp\/v2\/media?parent=33256"}],"wp:term":[{"taxonomy":"product_brand","embeddable":true,"href":"https:\/\/grozio.pro\/en\/wp-json\/wp\/v2\/product_brand?post=33256"},{"taxonomy":"product_cat","embeddable":true,"href":"https:\/\/grozio.pro\/en\/wp-json\/wp\/v2\/product_cat?post=33256"},{"taxonomy":"product_tag","embeddable":true,"href":"https:\/\/grozio.pro\/en\/wp-json\/wp\/v2\/product_tag?post=33256"}],"curies":[{"name":"wp","href":"https:\/\/api.w.org\/{rel}","templated":true}]}}