{"id":33270,"date":"2026-04-14T13:56:22","date_gmt":"2026-04-14T11:56:22","guid":{"rendered":"https:\/\/grozio.pro\/product\/be-kategorijos\/regenerative-solution\/"},"modified":"2026-05-08T16:45:49","modified_gmt":"2026-05-08T14:45:49","slug":"regenerative-solution","status":"publish","type":"product","link":"https:\/\/grozio.pro\/en\/product\/sothys\/regenerative-solution\/","title":{"rendered":"REGENERATIVE SOLUTION"},"content":{"rendered":"","protected":false},"excerpt":{"rendered":"<p>Universali priemon\u0117 (serumas\/kauk\u0117), skirta dr\u0117kinti, raminti, gr\u0105\u017einti komfort\u0105 ypa\u010d sujautr\u0117jusiai (po estetini\u0173 proced\u016br\u0173 ir ne tik) odai.<\/p>\n","protected":false},"featured_media":39124,"template":"","meta":{"_acf_changed":false},"product_brand":[],"product_cat":[3118],"product_tag":[],"class_list":{"0":"post-33270","1":"product","2":"type-product","3":"status-publish","4":"has-post-thumbnail","6":"product_cat-skin-care","7":"yith_product_brand-sothys","9":"first","10":"instock","11":"taxable","12":"shipping-taxable","13":"product-type-simple"},"acf":[],"_links":{"self":[{"href":"https:\/\/grozio.pro\/en\/wp-json\/wp\/v2\/product\/33270","targetHints":{"allow":["GET"]}}],"collection":[{"href":"https:\/\/grozio.pro\/en\/wp-json\/wp\/v2\/product"}],"about":[{"href":"https:\/\/grozio.pro\/en\/wp-json\/wp\/v2\/types\/product"}],"wp:featuredmedia":[{"embeddable":true,"href":"https:\/\/grozio.pro\/en\/wp-json\/wp\/v2\/media\/39124"}],"wp:attachment":[{"href":"https:\/\/grozio.pro\/en\/wp-json\/wp\/v2\/media?parent=33270"}],"wp:term":[{"taxonomy":"product_brand","embeddable":true,"href":"https:\/\/grozio.pro\/en\/wp-json\/wp\/v2\/product_brand?post=33270"},{"taxonomy":"product_cat","embeddable":true,"href":"https:\/\/grozio.pro\/en\/wp-json\/wp\/v2\/product_cat?post=33270"},{"taxonomy":"product_tag","embeddable":true,"href":"https:\/\/grozio.pro\/en\/wp-json\/wp\/v2\/product_tag?post=33270"}],"curies":[{"name":"wp","href":"https:\/\/api.w.org\/{rel}","templated":true}]}}