{"id":33330,"date":"2026-04-14T13:59:09","date_gmt":"2026-04-14T11:59:09","guid":{"rendered":"https:\/\/grozio.pro\/product\/be-kategorijos\/biological-skin-peeling\/"},"modified":"2026-04-15T12:53:36","modified_gmt":"2026-04-15T10:53:36","slug":"biological-skin-peeling","status":"publish","type":"product","link":"https:\/\/grozio.pro\/en\/product\/sothys\/biological-skin-peeling\/","title":{"rendered":"Biological skin peeling"},"content":{"rendered":"<p>Originali \u201eSothys\u201c sud\u0117tis. \u0160veitiklyje n\u0117ra abrazyvi\u0173 gr\u016bdeli\u0173. Jo sud\u0117tyje yra jazmin\u0173 ekstrakto, kuris \u0161velniai pa\u0161alina negyvas l\u0105steles ir skatina l\u0105steli\u0173 atsinaujinim\u0105.<\/p>\n","protected":false},"excerpt":{"rendered":"<p>\u0160velniai pa\u0161alina negyvas l\u0105steles ir skatina l\u0105steli\u0173 atsinaujinim\u0105.<\/p>\n","protected":false},"featured_media":35072,"template":"","meta":{"_acf_changed":false},"product_brand":[],"product_cat":[394],"product_tag":[],"class_list":{"0":"post-33330","1":"product","2":"type-product","3":"status-publish","4":"has-post-thumbnail","6":"product_cat-veido-prieziura","7":"yith_product_brand-sothys","9":"first","10":"instock","11":"taxable","12":"shipping-taxable","13":"product-type-simple"},"acf":[],"_links":{"self":[{"href":"https:\/\/grozio.pro\/en\/wp-json\/wp\/v2\/product\/33330","targetHints":{"allow":["GET"]}}],"collection":[{"href":"https:\/\/grozio.pro\/en\/wp-json\/wp\/v2\/product"}],"about":[{"href":"https:\/\/grozio.pro\/en\/wp-json\/wp\/v2\/types\/product"}],"wp:featuredmedia":[{"embeddable":true,"href":"https:\/\/grozio.pro\/en\/wp-json\/wp\/v2\/media\/35072"}],"wp:attachment":[{"href":"https:\/\/grozio.pro\/en\/wp-json\/wp\/v2\/media?parent=33330"}],"wp:term":[{"taxonomy":"product_brand","embeddable":true,"href":"https:\/\/grozio.pro\/en\/wp-json\/wp\/v2\/product_brand?post=33330"},{"taxonomy":"product_cat","embeddable":true,"href":"https:\/\/grozio.pro\/en\/wp-json\/wp\/v2\/product_cat?post=33330"},{"taxonomy":"product_tag","embeddable":true,"href":"https:\/\/grozio.pro\/en\/wp-json\/wp\/v2\/product_tag?post=33330"}],"curies":[{"name":"wp","href":"https:\/\/api.w.org\/{rel}","templated":true}]}}