{"id":33470,"date":"2026-04-14T14:24:53","date_gmt":"2026-04-14T12:24:53","guid":{"rendered":"https:\/\/grozio.pro\/product\/be-kategorijos\/double-makeup-eyebrow-brush\/"},"modified":"2026-05-07T16:23:36","modified_gmt":"2026-05-07T14:23:36","slug":"double-makeup-eyebrow-brush","status":"publish","type":"product","link":"https:\/\/grozio.pro\/en\/product\/sothys\/double-makeup-eyebrow-brush\/","title":{"rendered":"DOUBLE MAKEUP EYEBROW BRUSH"},"content":{"rendered":"","protected":false},"excerpt":{"rendered":"<p>Antaki\u0173 pudros teptukas ir \u0161epet\u0117lis viename<\/p>\n","protected":false},"featured_media":39054,"template":"","meta":{"_acf_changed":false},"product_brand":[],"product_cat":[380,3119],"product_tag":[],"class_list":{"0":"post-33470","1":"product","2":"type-product","3":"status-publish","4":"has-post-thumbnail","6":"product_cat-namu-prieziura","7":"product_cat-accessories","8":"yith_product_brand-sothys","10":"first","11":"instock","12":"taxable","13":"shipping-taxable","14":"product-type-simple"},"acf":[],"_links":{"self":[{"href":"https:\/\/grozio.pro\/en\/wp-json\/wp\/v2\/product\/33470","targetHints":{"allow":["GET"]}}],"collection":[{"href":"https:\/\/grozio.pro\/en\/wp-json\/wp\/v2\/product"}],"about":[{"href":"https:\/\/grozio.pro\/en\/wp-json\/wp\/v2\/types\/product"}],"wp:featuredmedia":[{"embeddable":true,"href":"https:\/\/grozio.pro\/en\/wp-json\/wp\/v2\/media\/39054"}],"wp:attachment":[{"href":"https:\/\/grozio.pro\/en\/wp-json\/wp\/v2\/media?parent=33470"}],"wp:term":[{"taxonomy":"product_brand","embeddable":true,"href":"https:\/\/grozio.pro\/en\/wp-json\/wp\/v2\/product_brand?post=33470"},{"taxonomy":"product_cat","embeddable":true,"href":"https:\/\/grozio.pro\/en\/wp-json\/wp\/v2\/product_cat?post=33470"},{"taxonomy":"product_tag","embeddable":true,"href":"https:\/\/grozio.pro\/en\/wp-json\/wp\/v2\/product_tag?post=33470"}],"curies":[{"name":"wp","href":"https:\/\/api.w.org\/{rel}","templated":true}]}}