{"id":33490,"date":"2026-04-14T14:25:50","date_gmt":"2026-04-14T12:25:50","guid":{"rendered":"https:\/\/grozio.pro\/product\/be-kategorijos\/fixating-compact-powder-3\/"},"modified":"2026-04-14T14:44:06","modified_gmt":"2026-04-14T12:44:06","slug":"fixating-compact-powder-3","status":"publish","type":"product","link":"https:\/\/grozio.pro\/en\/product\/sothys\/fixating-compact-powder-3\/","title":{"rendered":"Fixating compact powder"},"content":{"rendered":"<p>Presuota pudra suteikia velvetin\u012f, nat\u016braliai \u0161vytint\u012f makia\u017eo u\u017ebaigim\u0105. Matifikuojanti formul\u0117 sulieja makia\u017e\u0105 ir jam suteikia sveikos odos \u0161vyt\u0117jimo efekt\u0105. PRODUKTO TIKSLAI: fiksuoti u\u017etikrina amino r\u016bg\u0161\u010di\u0173 derivatai.<\/p>\n","protected":false},"excerpt":{"rendered":"<p>Idealiai fiksuojanti, ir prie odos spalvos prisitaikanti kompaktin\u0117 pudra &#8211; suteikia nat\u016bral\u0173, matin\u012f efekt\u0105.<\/p>\n","protected":false},"featured_media":33728,"template":"","meta":{"_acf_changed":false},"product_brand":[],"product_cat":[422],"product_tag":[],"class_list":{"0":"post-33490","1":"product","2":"type-product","3":"status-publish","4":"has-post-thumbnail","6":"product_cat-makiazas","7":"yith_product_brand-sothys","9":"first","10":"outofstock","11":"taxable","12":"shipping-taxable","13":"product-type-simple"},"acf":[],"_links":{"self":[{"href":"https:\/\/grozio.pro\/en\/wp-json\/wp\/v2\/product\/33490","targetHints":{"allow":["GET"]}}],"collection":[{"href":"https:\/\/grozio.pro\/en\/wp-json\/wp\/v2\/product"}],"about":[{"href":"https:\/\/grozio.pro\/en\/wp-json\/wp\/v2\/types\/product"}],"wp:featuredmedia":[{"embeddable":true,"href":"https:\/\/grozio.pro\/en\/wp-json\/wp\/v2\/media\/33728"}],"wp:attachment":[{"href":"https:\/\/grozio.pro\/en\/wp-json\/wp\/v2\/media?parent=33490"}],"wp:term":[{"taxonomy":"product_brand","embeddable":true,"href":"https:\/\/grozio.pro\/en\/wp-json\/wp\/v2\/product_brand?post=33490"},{"taxonomy":"product_cat","embeddable":true,"href":"https:\/\/grozio.pro\/en\/wp-json\/wp\/v2\/product_cat?post=33490"},{"taxonomy":"product_tag","embeddable":true,"href":"https:\/\/grozio.pro\/en\/wp-json\/wp\/v2\/product_tag?post=33490"}],"curies":[{"name":"wp","href":"https:\/\/api.w.org\/{rel}","templated":true}]}}