{"id":33563,"date":"2026-04-14T14:29:46","date_gmt":"2026-04-14T12:29:46","guid":{"rendered":"https:\/\/grozio.pro\/product\/be-kategorijos\/enzyme-exfoliant\/"},"modified":"2026-04-14T14:50:09","modified_gmt":"2026-04-14T12:50:09","slug":"enzyme-exfoliant","status":"publish","type":"product","link":"https:\/\/grozio.pro\/en\/product\/dermia-solution\/enzyme-exfoliant\/","title":{"rendered":"Enzyme Exfoliant"},"content":{"rendered":"","protected":false},"excerpt":{"rendered":"<p>Ypatingai \u0161velniai \u0161vei\u010dia od\u0105.<\/p>\n","protected":false},"featured_media":33883,"template":"","meta":{"_acf_changed":false},"product_brand":[],"product_cat":[394],"product_tag":[],"class_list":{"0":"post-33563","1":"product","2":"type-product","3":"status-publish","4":"has-post-thumbnail","6":"product_cat-veido-prieziura","7":"yith_product_brand-dermia-solution","9":"first","10":"instock","11":"taxable","12":"shipping-taxable","13":"product-type-simple"},"acf":[],"_links":{"self":[{"href":"https:\/\/grozio.pro\/en\/wp-json\/wp\/v2\/product\/33563","targetHints":{"allow":["GET"]}}],"collection":[{"href":"https:\/\/grozio.pro\/en\/wp-json\/wp\/v2\/product"}],"about":[{"href":"https:\/\/grozio.pro\/en\/wp-json\/wp\/v2\/types\/product"}],"wp:featuredmedia":[{"embeddable":true,"href":"https:\/\/grozio.pro\/en\/wp-json\/wp\/v2\/media\/33883"}],"wp:attachment":[{"href":"https:\/\/grozio.pro\/en\/wp-json\/wp\/v2\/media?parent=33563"}],"wp:term":[{"taxonomy":"product_brand","embeddable":true,"href":"https:\/\/grozio.pro\/en\/wp-json\/wp\/v2\/product_brand?post=33563"},{"taxonomy":"product_cat","embeddable":true,"href":"https:\/\/grozio.pro\/en\/wp-json\/wp\/v2\/product_cat?post=33563"},{"taxonomy":"product_tag","embeddable":true,"href":"https:\/\/grozio.pro\/en\/wp-json\/wp\/v2\/product_tag?post=33563"}],"curies":[{"name":"wp","href":"https:\/\/api.w.org\/{rel}","templated":true}]}}