{"id":33639,"date":"2026-04-14T14:36:18","date_gmt":"2026-04-14T12:36:18","guid":{"rendered":"https:\/\/grozio.pro\/product\/be-kategorijos\/purifying-complex\/"},"modified":"2026-04-14T15:01:10","modified_gmt":"2026-04-14T13:01:10","slug":"purifying-complex","status":"publish","type":"product","link":"https:\/\/grozio.pro\/en\/product\/dermia-solution\/purifying-complex\/","title":{"rendered":"Purifying Complex"},"content":{"rendered":"","protected":false},"excerpt":{"rendered":"<p>Atstato normali\u0105 odos b\u016bkl\u0119, veikia spuogelius ir d\u0117meles.<\/p>\n","protected":false},"featured_media":33962,"template":"","meta":{"_acf_changed":false},"product_brand":[],"product_cat":[394],"product_tag":[],"class_list":{"0":"post-33639","1":"product","2":"type-product","3":"status-publish","4":"has-post-thumbnail","6":"product_cat-veido-prieziura","7":"yith_product_brand-dermia-solution","9":"first","10":"instock","11":"taxable","12":"shipping-taxable","13":"product-type-simple"},"acf":[],"_links":{"self":[{"href":"https:\/\/grozio.pro\/en\/wp-json\/wp\/v2\/product\/33639","targetHints":{"allow":["GET"]}}],"collection":[{"href":"https:\/\/grozio.pro\/en\/wp-json\/wp\/v2\/product"}],"about":[{"href":"https:\/\/grozio.pro\/en\/wp-json\/wp\/v2\/types\/product"}],"wp:featuredmedia":[{"embeddable":true,"href":"https:\/\/grozio.pro\/en\/wp-json\/wp\/v2\/media\/33962"}],"wp:attachment":[{"href":"https:\/\/grozio.pro\/en\/wp-json\/wp\/v2\/media?parent=33639"}],"wp:term":[{"taxonomy":"product_brand","embeddable":true,"href":"https:\/\/grozio.pro\/en\/wp-json\/wp\/v2\/product_brand?post=33639"},{"taxonomy":"product_cat","embeddable":true,"href":"https:\/\/grozio.pro\/en\/wp-json\/wp\/v2\/product_cat?post=33639"},{"taxonomy":"product_tag","embeddable":true,"href":"https:\/\/grozio.pro\/en\/wp-json\/wp\/v2\/product_tag?post=33639"}],"curies":[{"name":"wp","href":"https:\/\/api.w.org\/{rel}","templated":true}]}}