{"id":33735,"date":"2026-04-14T14:44:24","date_gmt":"2026-04-14T12:44:24","guid":{"rendered":"https:\/\/grozio.pro\/product\/be-kategorijos\/brightening-complex-refill\/"},"modified":"2026-04-14T15:01:42","modified_gmt":"2026-04-14T13:01:42","slug":"brightening-complex-refill","status":"publish","type":"product","link":"https:\/\/grozio.pro\/en\/product\/dermia-solution\/brightening-complex-refill\/","title":{"rendered":"Brightening Complex Refill"},"content":{"rendered":"","protected":false},"excerpt":{"rendered":"<p>\u0160viesina odos spalv\u0105, veikia tamsias d\u0117meles.<\/p>\n","protected":false},"featured_media":33965,"template":"","meta":{"_acf_changed":false},"product_brand":[],"product_cat":[394],"product_tag":[],"class_list":{"0":"post-33735","1":"product","2":"type-product","3":"status-publish","4":"has-post-thumbnail","6":"product_cat-veido-prieziura","7":"yith_product_brand-dermia-solution","9":"first","10":"instock","11":"taxable","12":"shipping-taxable","13":"product-type-simple"},"acf":[],"_links":{"self":[{"href":"https:\/\/grozio.pro\/en\/wp-json\/wp\/v2\/product\/33735","targetHints":{"allow":["GET"]}}],"collection":[{"href":"https:\/\/grozio.pro\/en\/wp-json\/wp\/v2\/product"}],"about":[{"href":"https:\/\/grozio.pro\/en\/wp-json\/wp\/v2\/types\/product"}],"wp:featuredmedia":[{"embeddable":true,"href":"https:\/\/grozio.pro\/en\/wp-json\/wp\/v2\/media\/33965"}],"wp:attachment":[{"href":"https:\/\/grozio.pro\/en\/wp-json\/wp\/v2\/media?parent=33735"}],"wp:term":[{"taxonomy":"product_brand","embeddable":true,"href":"https:\/\/grozio.pro\/en\/wp-json\/wp\/v2\/product_brand?post=33735"},{"taxonomy":"product_cat","embeddable":true,"href":"https:\/\/grozio.pro\/en\/wp-json\/wp\/v2\/product_cat?post=33735"},{"taxonomy":"product_tag","embeddable":true,"href":"https:\/\/grozio.pro\/en\/wp-json\/wp\/v2\/product_tag?post=33735"}],"curies":[{"name":"wp","href":"https:\/\/api.w.org\/{rel}","templated":true}]}}