{"id":33790,"date":"2026-04-14T14:46:25","date_gmt":"2026-04-14T12:46:25","guid":{"rendered":"https:\/\/grozio.pro\/product\/be-kategorijos\/complexion-perfector\/"},"modified":"2026-04-14T15:04:15","modified_gmt":"2026-04-14T13:04:15","slug":"complexion-perfector","status":"publish","type":"product","link":"https:\/\/grozio.pro\/en\/product\/sothys\/complexion-perfector\/","title":{"rendered":"Complexion perfector"},"content":{"rendered":"","protected":false},"excerpt":{"rendered":"<p>Lyg antroji oda akivaizd\u017eiai suma\u017eina odos reljefo netolygumus, ma\u017eina poras, padeda makia\u017eui i\u0161silaikyti dar ilgiau.<\/p>\n","protected":false},"featured_media":33982,"template":"","meta":{"_acf_changed":false},"product_brand":[],"product_cat":[422],"product_tag":[],"class_list":{"0":"post-33790","1":"product","2":"type-product","3":"status-publish","4":"has-post-thumbnail","6":"product_cat-makiazas","7":"yith_product_brand-sothys","9":"first","10":"instock","11":"taxable","12":"shipping-taxable","13":"product-type-simple"},"acf":[],"_links":{"self":[{"href":"https:\/\/grozio.pro\/en\/wp-json\/wp\/v2\/product\/33790","targetHints":{"allow":["GET"]}}],"collection":[{"href":"https:\/\/grozio.pro\/en\/wp-json\/wp\/v2\/product"}],"about":[{"href":"https:\/\/grozio.pro\/en\/wp-json\/wp\/v2\/types\/product"}],"wp:featuredmedia":[{"embeddable":true,"href":"https:\/\/grozio.pro\/en\/wp-json\/wp\/v2\/media\/33982"}],"wp:attachment":[{"href":"https:\/\/grozio.pro\/en\/wp-json\/wp\/v2\/media?parent=33790"}],"wp:term":[{"taxonomy":"product_brand","embeddable":true,"href":"https:\/\/grozio.pro\/en\/wp-json\/wp\/v2\/product_brand?post=33790"},{"taxonomy":"product_cat","embeddable":true,"href":"https:\/\/grozio.pro\/en\/wp-json\/wp\/v2\/product_cat?post=33790"},{"taxonomy":"product_tag","embeddable":true,"href":"https:\/\/grozio.pro\/en\/wp-json\/wp\/v2\/product_tag?post=33790"}],"curies":[{"name":"wp","href":"https:\/\/api.w.org\/{rel}","templated":true}]}}