{"id":33992,"date":"2026-04-14T15:04:40","date_gmt":"2026-04-14T13:04:40","guid":{"rendered":"https:\/\/grozio.pro\/product\/be-kategorijos\/retinol-ag-cream\/"},"modified":"2026-04-14T15:21:41","modified_gmt":"2026-04-14T13:21:41","slug":"retinol-ag-cream","status":"publish","type":"product","link":"https:\/\/grozio.pro\/en\/product\/renophase\/retinol-ag-cream\/","title":{"rendered":"RETINOL (AG) Cream"},"content":{"rendered":"","protected":false},"excerpt":{"rendered":"<p>Rauk\u0161l\u0117s, netolygi tekst\u016bra. Normaliai-sausai odai. Pastebimai lygina. Su glikolio r\u016bg\u0161timi ir retinoliu.<\/p>\n","protected":false},"featured_media":0,"template":"","meta":{"_acf_changed":false},"product_brand":[],"product_cat":[394],"product_tag":[],"class_list":{"0":"post-33992","1":"product","2":"type-product","3":"status-publish","5":"product_cat-veido-prieziura","6":"yith_product_brand-renophase","8":"first","9":"instock","10":"taxable","11":"shipping-taxable","12":"product-type-simple"},"acf":[],"_links":{"self":[{"href":"https:\/\/grozio.pro\/en\/wp-json\/wp\/v2\/product\/33992","targetHints":{"allow":["GET"]}}],"collection":[{"href":"https:\/\/grozio.pro\/en\/wp-json\/wp\/v2\/product"}],"about":[{"href":"https:\/\/grozio.pro\/en\/wp-json\/wp\/v2\/types\/product"}],"wp:attachment":[{"href":"https:\/\/grozio.pro\/en\/wp-json\/wp\/v2\/media?parent=33992"}],"wp:term":[{"taxonomy":"product_brand","embeddable":true,"href":"https:\/\/grozio.pro\/en\/wp-json\/wp\/v2\/product_brand?post=33992"},{"taxonomy":"product_cat","embeddable":true,"href":"https:\/\/grozio.pro\/en\/wp-json\/wp\/v2\/product_cat?post=33992"},{"taxonomy":"product_tag","embeddable":true,"href":"https:\/\/grozio.pro\/en\/wp-json\/wp\/v2\/product_tag?post=33992"}],"curies":[{"name":"wp","href":"https:\/\/api.w.org\/{rel}","templated":true}]}}