{"id":34001,"date":"2026-04-14T15:05:13","date_gmt":"2026-04-14T13:05:13","guid":{"rendered":"https:\/\/grozio.pro\/product\/be-kategorijos\/retargeting-neck-recovery-cream\/"},"modified":"2026-04-14T15:22:20","modified_gmt":"2026-04-14T13:22:20","slug":"retargeting-neck-recovery-cream","status":"publish","type":"product","link":"https:\/\/grozio.pro\/en\/product\/renophase\/retargeting-neck-recovery-cream\/","title":{"rendered":"RETARGETING NECK Recovery Cream"},"content":{"rendered":"","protected":false},"excerpt":{"rendered":"<p>Kaklo ir dekolte od\u0105 jauninantis kremas intensyviai dr\u0117kina ir lygina od\u0105 ir atkuria spindes\u012f. D\u0117l antioksidacini\u0173 savybi\u0173 jis aktyviai apsaugo nuo sen\u0117jimo.<\/p>\n","protected":false},"featured_media":0,"template":"","meta":{"_acf_changed":false},"product_brand":[],"product_cat":[394],"product_tag":[],"class_list":{"0":"post-34001","1":"product","2":"type-product","3":"status-publish","5":"product_cat-veido-prieziura","6":"yith_product_brand-renophase","8":"first","9":"instock","10":"taxable","11":"shipping-taxable","12":"product-type-simple"},"acf":[],"_links":{"self":[{"href":"https:\/\/grozio.pro\/en\/wp-json\/wp\/v2\/product\/34001","targetHints":{"allow":["GET"]}}],"collection":[{"href":"https:\/\/grozio.pro\/en\/wp-json\/wp\/v2\/product"}],"about":[{"href":"https:\/\/grozio.pro\/en\/wp-json\/wp\/v2\/types\/product"}],"wp:attachment":[{"href":"https:\/\/grozio.pro\/en\/wp-json\/wp\/v2\/media?parent=34001"}],"wp:term":[{"taxonomy":"product_brand","embeddable":true,"href":"https:\/\/grozio.pro\/en\/wp-json\/wp\/v2\/product_brand?post=34001"},{"taxonomy":"product_cat","embeddable":true,"href":"https:\/\/grozio.pro\/en\/wp-json\/wp\/v2\/product_cat?post=34001"},{"taxonomy":"product_tag","embeddable":true,"href":"https:\/\/grozio.pro\/en\/wp-json\/wp\/v2\/product_tag?post=34001"}],"curies":[{"name":"wp","href":"https:\/\/api.w.org\/{rel}","templated":true}]}}