{"id":34571,"date":"2026-04-14T15:53:53","date_gmt":"2026-04-14T13:53:53","guid":{"rendered":"https:\/\/grozio.pro\/product\/be-kategorijos\/rejuvenating-moisturizer-fluid\/"},"modified":"2026-04-14T16:13:34","modified_gmt":"2026-04-14T14:13:34","slug":"rejuvenating-moisturizer-fluid","status":"publish","type":"product","link":"https:\/\/grozio.pro\/en\/product\/sothys\/rejuvenating-moisturizer-fluid\/","title":{"rendered":"Rejuvenating moisturizer fluid"},"content":{"rendered":"","protected":false},"excerpt":{"rendered":"<p>Jaunyst\u0119 puos\u0117l\u0117jan\u010dios ir dr\u0117kinan\u010dios veikliosios med\u017eiagos apsaugo od\u0105 nuo sen\u0117jimo po\u017eymi\u0173.<\/p>\n","protected":false},"featured_media":34819,"template":"","meta":{"_acf_changed":false},"product_brand":[],"product_cat":[3021],"product_tag":[],"class_list":{"0":"post-34571","1":"product","2":"type-product","3":"status-publish","4":"has-post-thumbnail","6":"product_cat-vyru-odos-prieziura","7":"yith_product_brand-sothys","9":"first","10":"instock","11":"taxable","12":"shipping-taxable","13":"product-type-simple"},"acf":[],"_links":{"self":[{"href":"https:\/\/grozio.pro\/en\/wp-json\/wp\/v2\/product\/34571","targetHints":{"allow":["GET"]}}],"collection":[{"href":"https:\/\/grozio.pro\/en\/wp-json\/wp\/v2\/product"}],"about":[{"href":"https:\/\/grozio.pro\/en\/wp-json\/wp\/v2\/types\/product"}],"wp:featuredmedia":[{"embeddable":true,"href":"https:\/\/grozio.pro\/en\/wp-json\/wp\/v2\/media\/34819"}],"wp:attachment":[{"href":"https:\/\/grozio.pro\/en\/wp-json\/wp\/v2\/media?parent=34571"}],"wp:term":[{"taxonomy":"product_brand","embeddable":true,"href":"https:\/\/grozio.pro\/en\/wp-json\/wp\/v2\/product_brand?post=34571"},{"taxonomy":"product_cat","embeddable":true,"href":"https:\/\/grozio.pro\/en\/wp-json\/wp\/v2\/product_cat?post=34571"},{"taxonomy":"product_tag","embeddable":true,"href":"https:\/\/grozio.pro\/en\/wp-json\/wp\/v2\/product_tag?post=34571"}],"curies":[{"name":"wp","href":"https:\/\/api.w.org\/{rel}","templated":true}]}}