{"id":34573,"date":"2026-04-14T15:53:57","date_gmt":"2026-04-14T13:53:57","guid":{"rendered":"https:\/\/grozio.pro\/product\/be-kategorijos\/multi-purpose-soft-oil\/"},"modified":"2026-04-14T16:13:38","modified_gmt":"2026-04-14T14:13:38","slug":"multi-purpose-soft-oil","status":"publish","type":"product","link":"https:\/\/grozio.pro\/en\/product\/sothys\/multi-purpose-soft-oil\/","title":{"rendered":"Multi-purpose soft oil"},"content":{"rendered":"","protected":false},"excerpt":{"rendered":"<p>Maitinam\u0173j\u0173 ir mink\u0161tinam\u0173j\u0173 aliej\u0173 mi\u0161inys puos\u0117l\u0117ja od\u0105 bei barzd\u0105.<\/p>\n","protected":false},"featured_media":34822,"template":"","meta":{"_acf_changed":false},"product_brand":[],"product_cat":[3021],"product_tag":[],"class_list":{"0":"post-34573","1":"product","2":"type-product","3":"status-publish","4":"has-post-thumbnail","6":"product_cat-vyru-odos-prieziura","7":"yith_product_brand-sothys","9":"first","10":"instock","11":"taxable","12":"shipping-taxable","13":"product-type-simple"},"acf":[],"_links":{"self":[{"href":"https:\/\/grozio.pro\/en\/wp-json\/wp\/v2\/product\/34573","targetHints":{"allow":["GET"]}}],"collection":[{"href":"https:\/\/grozio.pro\/en\/wp-json\/wp\/v2\/product"}],"about":[{"href":"https:\/\/grozio.pro\/en\/wp-json\/wp\/v2\/types\/product"}],"wp:featuredmedia":[{"embeddable":true,"href":"https:\/\/grozio.pro\/en\/wp-json\/wp\/v2\/media\/34822"}],"wp:attachment":[{"href":"https:\/\/grozio.pro\/en\/wp-json\/wp\/v2\/media?parent=34573"}],"wp:term":[{"taxonomy":"product_brand","embeddable":true,"href":"https:\/\/grozio.pro\/en\/wp-json\/wp\/v2\/product_brand?post=34573"},{"taxonomy":"product_cat","embeddable":true,"href":"https:\/\/grozio.pro\/en\/wp-json\/wp\/v2\/product_cat?post=34573"},{"taxonomy":"product_tag","embeddable":true,"href":"https:\/\/grozio.pro\/en\/wp-json\/wp\/v2\/product_tag?post=34573"}],"curies":[{"name":"wp","href":"https:\/\/api.w.org\/{rel}","templated":true}]}}