{"id":34577,"date":"2026-04-14T15:54:04","date_gmt":"2026-04-14T13:54:04","guid":{"rendered":"https:\/\/grozio.pro\/product\/be-kategorijos\/desquacrem-forte-microderm\/"},"modified":"2026-05-07T13:50:39","modified_gmt":"2026-05-07T11:50:39","slug":"desquacrem-forte-microderm","status":"publish","type":"product","link":"https:\/\/grozio.pro\/en\/product\/sothys\/desquacrem-forte-microderm\/","title":{"rendered":"DESQUACREM FORTE MICRODERM"},"content":{"rendered":"","protected":false},"excerpt":{"rendered":"<p>\u0160veitiklis su salicilo r\u016bg\u0161timi ir ry\u017ei\u0173 mikrogr\u016bdeliais u\u017etikrina gil\u0173 odos por\u0173 valym\u0105 ir odos \u0161veitim\u0105.<\/p>\n","protected":false},"featured_media":38635,"template":"","meta":{"_acf_changed":false},"product_brand":[],"product_cat":[3118],"product_tag":[],"class_list":{"0":"post-34577","1":"product","2":"type-product","3":"status-publish","4":"has-post-thumbnail","6":"product_cat-skin-care","7":"yith_product_brand-sothys","9":"first","10":"instock","11":"taxable","12":"shipping-taxable","13":"product-type-simple"},"acf":[],"_links":{"self":[{"href":"https:\/\/grozio.pro\/en\/wp-json\/wp\/v2\/product\/34577","targetHints":{"allow":["GET"]}}],"collection":[{"href":"https:\/\/grozio.pro\/en\/wp-json\/wp\/v2\/product"}],"about":[{"href":"https:\/\/grozio.pro\/en\/wp-json\/wp\/v2\/types\/product"}],"wp:featuredmedia":[{"embeddable":true,"href":"https:\/\/grozio.pro\/en\/wp-json\/wp\/v2\/media\/38635"}],"wp:attachment":[{"href":"https:\/\/grozio.pro\/en\/wp-json\/wp\/v2\/media?parent=34577"}],"wp:term":[{"taxonomy":"product_brand","embeddable":true,"href":"https:\/\/grozio.pro\/en\/wp-json\/wp\/v2\/product_brand?post=34577"},{"taxonomy":"product_cat","embeddable":true,"href":"https:\/\/grozio.pro\/en\/wp-json\/wp\/v2\/product_cat?post=34577"},{"taxonomy":"product_tag","embeddable":true,"href":"https:\/\/grozio.pro\/en\/wp-json\/wp\/v2\/product_tag?post=34577"}],"curies":[{"name":"wp","href":"https:\/\/api.w.org\/{rel}","templated":true}]}}