{"id":34579,"date":"2026-04-14T15:54:08","date_gmt":"2026-04-14T13:54:08","guid":{"rendered":"https:\/\/grozio.pro\/product\/be-kategorijos\/wrinkle-targeting-youth-cream-comfort\/"},"modified":"2026-04-14T16:13:59","modified_gmt":"2026-04-14T14:13:59","slug":"wrinkle-targeting-youth-cream-comfort","status":"publish","type":"product","link":"https:\/\/grozio.pro\/en\/product\/sothys\/wrinkle-targeting-youth-cream-comfort\/","title":{"rendered":"Wrinkle-targeting youth cream comfort"},"content":{"rendered":"","protected":false},"excerpt":{"rendered":"<p>Kasdien apsaugo od\u0105 ir padeda pristabdyti sen\u0117jimo po\u017eymi\u0173 atsiradim\u0105, akivaizd\u017eiai ma\u017einant rauk\u0161les.<\/p>\n","protected":false},"featured_media":34829,"template":"","meta":{"_acf_changed":false},"product_brand":[],"product_cat":[394],"product_tag":[],"class_list":{"0":"post-34579","1":"product","2":"type-product","3":"status-publish","4":"has-post-thumbnail","6":"product_cat-veido-prieziura","7":"yith_product_brand-sothys","9":"first","10":"instock","11":"taxable","12":"shipping-taxable","13":"product-type-simple"},"acf":[],"_links":{"self":[{"href":"https:\/\/grozio.pro\/en\/wp-json\/wp\/v2\/product\/34579","targetHints":{"allow":["GET"]}}],"collection":[{"href":"https:\/\/grozio.pro\/en\/wp-json\/wp\/v2\/product"}],"about":[{"href":"https:\/\/grozio.pro\/en\/wp-json\/wp\/v2\/types\/product"}],"wp:featuredmedia":[{"embeddable":true,"href":"https:\/\/grozio.pro\/en\/wp-json\/wp\/v2\/media\/34829"}],"wp:attachment":[{"href":"https:\/\/grozio.pro\/en\/wp-json\/wp\/v2\/media?parent=34579"}],"wp:term":[{"taxonomy":"product_brand","embeddable":true,"href":"https:\/\/grozio.pro\/en\/wp-json\/wp\/v2\/product_brand?post=34579"},{"taxonomy":"product_cat","embeddable":true,"href":"https:\/\/grozio.pro\/en\/wp-json\/wp\/v2\/product_cat?post=34579"},{"taxonomy":"product_tag","embeddable":true,"href":"https:\/\/grozio.pro\/en\/wp-json\/wp\/v2\/product_tag?post=34579"}],"curies":[{"name":"wp","href":"https:\/\/api.w.org\/{rel}","templated":true}]}}