{"id":34584,"date":"2026-04-14T15:54:22","date_gmt":"2026-04-14T13:54:22","guid":{"rendered":"https:\/\/grozio.pro\/product\/be-kategorijos\/micro-gel-peeling\/"},"modified":"2026-05-07T13:22:51","modified_gmt":"2026-05-07T11:22:51","slug":"micro-gel-peeling","status":"publish","type":"product","link":"https:\/\/grozio.pro\/en\/product\/sothys\/micro-gel-peeling\/","title":{"rendered":"Micro-gel peeling"},"content":{"rendered":"","protected":false},"excerpt":{"rendered":"<p>\u0160velnus \u0161veitiklis su itin ma\u017eais gr\u016bdeliais.<\/p>\n","protected":false},"featured_media":38527,"template":"","meta":{"_acf_changed":false},"product_brand":[],"product_cat":[3118],"product_tag":[],"class_list":{"0":"post-34584","1":"product","2":"type-product","3":"status-publish","4":"has-post-thumbnail","6":"product_cat-skin-care","7":"yith_product_brand-sothys","9":"first","10":"instock","11":"taxable","12":"shipping-taxable","13":"product-type-simple"},"acf":[],"_links":{"self":[{"href":"https:\/\/grozio.pro\/en\/wp-json\/wp\/v2\/product\/34584","targetHints":{"allow":["GET"]}}],"collection":[{"href":"https:\/\/grozio.pro\/en\/wp-json\/wp\/v2\/product"}],"about":[{"href":"https:\/\/grozio.pro\/en\/wp-json\/wp\/v2\/types\/product"}],"wp:featuredmedia":[{"embeddable":true,"href":"https:\/\/grozio.pro\/en\/wp-json\/wp\/v2\/media\/38527"}],"wp:attachment":[{"href":"https:\/\/grozio.pro\/en\/wp-json\/wp\/v2\/media?parent=34584"}],"wp:term":[{"taxonomy":"product_brand","embeddable":true,"href":"https:\/\/grozio.pro\/en\/wp-json\/wp\/v2\/product_brand?post=34584"},{"taxonomy":"product_cat","embeddable":true,"href":"https:\/\/grozio.pro\/en\/wp-json\/wp\/v2\/product_cat?post=34584"},{"taxonomy":"product_tag","embeddable":true,"href":"https:\/\/grozio.pro\/en\/wp-json\/wp\/v2\/product_tag?post=34584"}],"curies":[{"name":"wp","href":"https:\/\/api.w.org\/{rel}","templated":true}]}}