{"id":34586,"date":"2026-04-14T15:54:26","date_gmt":"2026-04-14T13:54:26","guid":{"rendered":"https:\/\/grozio.pro\/product\/be-kategorijos\/express-eye-patches\/"},"modified":"2026-04-14T16:14:16","modified_gmt":"2026-04-14T14:14:16","slug":"express-eye-patches","status":"publish","type":"product","link":"https:\/\/grozio.pro\/en\/product\/sothys\/express-eye-patches\/","title":{"rendered":"Express eye patches"},"content":{"rendered":"","protected":false},"excerpt":{"rendered":"<p>Akimirksniu atgaivina aki\u0173 srities od\u0105, suteika jai \u0161vyt\u0117jimo ir jaunatvi\u0161kumo.<\/p>\n","protected":false},"featured_media":34842,"template":"","meta":{"_acf_changed":false},"product_brand":[],"product_cat":[394],"product_tag":[],"class_list":{"0":"post-34586","1":"product","2":"type-product","3":"status-publish","4":"has-post-thumbnail","6":"product_cat-veido-prieziura","7":"yith_product_brand-sothys","9":"first","10":"instock","11":"taxable","12":"shipping-taxable","13":"product-type-simple"},"acf":[],"_links":{"self":[{"href":"https:\/\/grozio.pro\/en\/wp-json\/wp\/v2\/product\/34586","targetHints":{"allow":["GET"]}}],"collection":[{"href":"https:\/\/grozio.pro\/en\/wp-json\/wp\/v2\/product"}],"about":[{"href":"https:\/\/grozio.pro\/en\/wp-json\/wp\/v2\/types\/product"}],"wp:featuredmedia":[{"embeddable":true,"href":"https:\/\/grozio.pro\/en\/wp-json\/wp\/v2\/media\/34842"}],"wp:attachment":[{"href":"https:\/\/grozio.pro\/en\/wp-json\/wp\/v2\/media?parent=34586"}],"wp:term":[{"taxonomy":"product_brand","embeddable":true,"href":"https:\/\/grozio.pro\/en\/wp-json\/wp\/v2\/product_brand?post=34586"},{"taxonomy":"product_cat","embeddable":true,"href":"https:\/\/grozio.pro\/en\/wp-json\/wp\/v2\/product_cat?post=34586"},{"taxonomy":"product_tag","embeddable":true,"href":"https:\/\/grozio.pro\/en\/wp-json\/wp\/v2\/product_tag?post=34586"}],"curies":[{"name":"wp","href":"https:\/\/api.w.org\/{rel}","templated":true}]}}