{"id":34597,"date":"2026-04-14T15:54:48","date_gmt":"2026-04-14T13:54:48","guid":{"rendered":"https:\/\/grozio.pro\/product\/be-kategorijos\/micellar-cleansing-water\/"},"modified":"2026-04-14T16:14:55","modified_gmt":"2026-04-14T14:14:55","slug":"micellar-cleansing-water","status":"publish","type":"product","link":"https:\/\/grozio.pro\/en\/product\/sothys\/micellar-cleansing-water\/","title":{"rendered":"Micellar cleansing water"},"content":{"rendered":"<p>Idealus visiems odos tipams, \u0161is du-viename makia\u017eo valiklis \u0161velniai ir efektyviai nuvalo veid\u0105 ir akis vienu judesiu. VEIKLIOSIOS MED\u017dIAGOS: MICEL\u0116S yra mikrosferos, kurios turi savyb\u0119 pritraukti \u012f save ne\u0161varumus ir riebal\u0173 daleles pailiekant od\u0105 \u0161vari\u0105 ir nesudirgusi\u0105. M\u0116LYNOJO IR BALTOJO LOTOSO EKSTRAKTAI mink\u0161tina ir ramina.<\/p>\n","protected":false},"excerpt":{"rendered":"<p>Akis ir veid\u0105 veiksmingai vienu judesiu valantis \u0161velnus valiklis \u201edu viename\u201c. Idealiai tinka visiems odos tipams.<\/p>\n","protected":false},"featured_media":34863,"template":"","meta":{"_acf_changed":false},"product_brand":[],"product_cat":[394],"product_tag":[],"class_list":{"0":"post-34597","1":"product","2":"type-product","3":"status-publish","4":"has-post-thumbnail","6":"product_cat-veido-prieziura","7":"yith_product_brand-sothys","9":"first","10":"instock","11":"taxable","12":"shipping-taxable","13":"product-type-simple"},"acf":[],"_links":{"self":[{"href":"https:\/\/grozio.pro\/en\/wp-json\/wp\/v2\/product\/34597","targetHints":{"allow":["GET"]}}],"collection":[{"href":"https:\/\/grozio.pro\/en\/wp-json\/wp\/v2\/product"}],"about":[{"href":"https:\/\/grozio.pro\/en\/wp-json\/wp\/v2\/types\/product"}],"wp:featuredmedia":[{"embeddable":true,"href":"https:\/\/grozio.pro\/en\/wp-json\/wp\/v2\/media\/34863"}],"wp:attachment":[{"href":"https:\/\/grozio.pro\/en\/wp-json\/wp\/v2\/media?parent=34597"}],"wp:term":[{"taxonomy":"product_brand","embeddable":true,"href":"https:\/\/grozio.pro\/en\/wp-json\/wp\/v2\/product_brand?post=34597"},{"taxonomy":"product_cat","embeddable":true,"href":"https:\/\/grozio.pro\/en\/wp-json\/wp\/v2\/product_cat?post=34597"},{"taxonomy":"product_tag","embeddable":true,"href":"https:\/\/grozio.pro\/en\/wp-json\/wp\/v2\/product_tag?post=34597"}],"curies":[{"name":"wp","href":"https:\/\/api.w.org\/{rel}","templated":true}]}}