{"id":34607,"date":"2026-04-14T15:55:08","date_gmt":"2026-04-14T13:55:08","guid":{"rendered":"https:\/\/grozio.pro\/product\/be-kategorijos\/desquacrem-3\/"},"modified":"2026-04-14T16:15:20","modified_gmt":"2026-04-14T14:15:20","slug":"desquacrem-3","status":"publish","type":"product","link":"https:\/\/grozio.pro\/en\/product\/sothys\/desquacrem-3\/","title":{"rendered":"Desquacrem"},"content":{"rendered":"<p>\u0160is giliai valantis kremas i\u0161valo od\u0105 nuo nat\u016braliai susidaran\u010di\u0173 ne\u0161varum\u0173 &#8211; prakaito, riebal\u0173 pertekliaus. Originali \u201eSothys\u201c sukurta sud\u0117tis nuvalo sunkiai pa\u0161alinamus odos ne\u0161varumus, neleid\u017eia jiems kauptis, bei suteikia odai \u0161vyt\u0117jimo.<\/p>\n","protected":false},"excerpt":{"rendered":"<p>Giliai valantis kremas nuvalo sunkiai pa\u0161alinamus odos ne\u0161varumus.<\/p>\n","protected":false},"featured_media":0,"template":"","meta":{"_acf_changed":false},"product_brand":[],"product_cat":[394],"product_tag":[],"class_list":{"0":"post-34607","1":"product","2":"type-product","3":"status-publish","5":"product_cat-veido-prieziura","6":"yith_product_brand-sothys","8":"first","9":"instock","10":"taxable","11":"shipping-taxable","12":"product-type-simple"},"acf":[],"_links":{"self":[{"href":"https:\/\/grozio.pro\/en\/wp-json\/wp\/v2\/product\/34607","targetHints":{"allow":["GET"]}}],"collection":[{"href":"https:\/\/grozio.pro\/en\/wp-json\/wp\/v2\/product"}],"about":[{"href":"https:\/\/grozio.pro\/en\/wp-json\/wp\/v2\/types\/product"}],"wp:attachment":[{"href":"https:\/\/grozio.pro\/en\/wp-json\/wp\/v2\/media?parent=34607"}],"wp:term":[{"taxonomy":"product_brand","embeddable":true,"href":"https:\/\/grozio.pro\/en\/wp-json\/wp\/v2\/product_brand?post=34607"},{"taxonomy":"product_cat","embeddable":true,"href":"https:\/\/grozio.pro\/en\/wp-json\/wp\/v2\/product_cat?post=34607"},{"taxonomy":"product_tag","embeddable":true,"href":"https:\/\/grozio.pro\/en\/wp-json\/wp\/v2\/product_tag?post=34607"}],"curies":[{"name":"wp","href":"https:\/\/api.w.org\/{rel}","templated":true}]}}