{"id":34614,"date":"2026-04-14T15:55:24","date_gmt":"2026-04-14T13:55:24","guid":{"rendered":"https:\/\/grozio.pro\/product\/be-kategorijos\/black-essential-mascara\/"},"modified":"2026-04-28T14:58:32","modified_gmt":"2026-04-28T12:58:32","slug":"black-essential-mascara","status":"publish","type":"product","link":"https:\/\/grozio.pro\/en\/product\/sothys\/black-essential-mascara\/","title":{"rendered":"Black essential mascara"},"content":{"rendered":"","protected":false},"excerpt":{"rendered":"<p>Ypa\u010d juodas blakstien\u0173 tu\u0161as, skirtas u\u017ebaigti tobul\u0105 makia\u017e\u0105. Oftomolog\u0173 patvirtintas &#8211; tinka net ir labai jautrioms akims.<\/p>\n","protected":false},"featured_media":34891,"template":"","meta":{"_acf_changed":false},"product_brand":[],"product_cat":[422],"product_tag":[],"class_list":{"0":"post-34614","1":"product","2":"type-product","3":"status-publish","4":"has-post-thumbnail","6":"product_cat-makiazas","7":"yith_product_brand-sothys","9":"first","10":"instock","11":"taxable","12":"shipping-taxable","13":"product-type-simple"},"acf":[],"_links":{"self":[{"href":"https:\/\/grozio.pro\/en\/wp-json\/wp\/v2\/product\/34614","targetHints":{"allow":["GET"]}}],"collection":[{"href":"https:\/\/grozio.pro\/en\/wp-json\/wp\/v2\/product"}],"about":[{"href":"https:\/\/grozio.pro\/en\/wp-json\/wp\/v2\/types\/product"}],"wp:featuredmedia":[{"embeddable":true,"href":"https:\/\/grozio.pro\/en\/wp-json\/wp\/v2\/media\/34891"}],"wp:attachment":[{"href":"https:\/\/grozio.pro\/en\/wp-json\/wp\/v2\/media?parent=34614"}],"wp:term":[{"taxonomy":"product_brand","embeddable":true,"href":"https:\/\/grozio.pro\/en\/wp-json\/wp\/v2\/product_brand?post=34614"},{"taxonomy":"product_cat","embeddable":true,"href":"https:\/\/grozio.pro\/en\/wp-json\/wp\/v2\/product_cat?post=34614"},{"taxonomy":"product_tag","embeddable":true,"href":"https:\/\/grozio.pro\/en\/wp-json\/wp\/v2\/product_tag?post=34614"}],"curies":[{"name":"wp","href":"https:\/\/api.w.org\/{rel}","templated":true}]}}