{"id":34624,"date":"2026-04-14T15:55:51","date_gmt":"2026-04-14T13:55:51","guid":{"rendered":"https:\/\/grozio.pro\/product\/be-kategorijos\/c-p-mask\/"},"modified":"2026-04-14T16:16:26","modified_gmt":"2026-04-14T14:16:26","slug":"c-p-mask","status":"publish","type":"product","link":"https:\/\/grozio.pro\/en\/product\/dermia-solution\/c-p-mask\/","title":{"rendered":"C + P Mask"},"content":{"rendered":"","protected":false},"excerpt":{"rendered":"<p>Raminanti, pigmentines d\u0117mes ma\u017einanti veido kauk\u0117.<\/p>\n","protected":false},"featured_media":34921,"template":"","meta":{"_acf_changed":false},"product_brand":[],"product_cat":[394],"product_tag":[],"class_list":{"0":"post-34624","1":"product","2":"type-product","3":"status-publish","4":"has-post-thumbnail","6":"product_cat-veido-prieziura","7":"yith_product_brand-dermia-solution","9":"first","10":"instock","11":"taxable","12":"shipping-taxable","13":"product-type-simple"},"acf":[],"_links":{"self":[{"href":"https:\/\/grozio.pro\/en\/wp-json\/wp\/v2\/product\/34624","targetHints":{"allow":["GET"]}}],"collection":[{"href":"https:\/\/grozio.pro\/en\/wp-json\/wp\/v2\/product"}],"about":[{"href":"https:\/\/grozio.pro\/en\/wp-json\/wp\/v2\/types\/product"}],"wp:featuredmedia":[{"embeddable":true,"href":"https:\/\/grozio.pro\/en\/wp-json\/wp\/v2\/media\/34921"}],"wp:attachment":[{"href":"https:\/\/grozio.pro\/en\/wp-json\/wp\/v2\/media?parent=34624"}],"wp:term":[{"taxonomy":"product_brand","embeddable":true,"href":"https:\/\/grozio.pro\/en\/wp-json\/wp\/v2\/product_brand?post=34624"},{"taxonomy":"product_cat","embeddable":true,"href":"https:\/\/grozio.pro\/en\/wp-json\/wp\/v2\/product_cat?post=34624"},{"taxonomy":"product_tag","embeddable":true,"href":"https:\/\/grozio.pro\/en\/wp-json\/wp\/v2\/product_tag?post=34624"}],"curies":[{"name":"wp","href":"https:\/\/api.w.org\/{rel}","templated":true}]}}