{"id":34762,"date":"2026-04-14T16:11:33","date_gmt":"2026-04-14T14:11:33","guid":{"rendered":"https:\/\/grozio.pro\/product\/be-kategorijos\/eye-and-lip-make-up-removing-fluid\/"},"modified":"2026-04-14T16:27:10","modified_gmt":"2026-04-14T14:27:10","slug":"eye-and-lip-make-up-removing-fluid","status":"publish","type":"product","link":"https:\/\/grozio.pro\/en\/product\/sothys\/eye-and-lip-make-up-removing-fluid\/","title":{"rendered":"Eye and lip make-up removing fluid"},"content":{"rendered":"<p>\u0160is aki\u0173 ir l\u016bp\u0173 makia\u017e\u0105 valantis fluidas skirtas visiems odos tipams. Tinka naudoti kasdien. Tinka net jautrioms akims ir kontaktinius l\u0119\u0161ius ne\u0161iojan\u010dioms moterims.<\/p>\n","protected":false},"excerpt":{"rendered":"<p>\u0160is aki\u0173 ir l\u016bp\u0173 makia\u017e\u0105 valantis fluidas skirtas visiems odos tipams. Tinka naudoti kasdien. Tinka net jautrioms akims ir kontaktinius l\u0119\u0161ius ne\u0161iojan\u010dioms moterims.<\/p>\n","protected":false},"featured_media":35013,"template":"","meta":{"_acf_changed":false},"product_brand":[],"product_cat":[394],"product_tag":[],"class_list":{"0":"post-34762","1":"product","2":"type-product","3":"status-publish","4":"has-post-thumbnail","6":"product_cat-veido-prieziura","7":"yith_product_brand-sothys","9":"first","10":"instock","11":"taxable","12":"shipping-taxable","13":"product-type-simple"},"acf":[],"_links":{"self":[{"href":"https:\/\/grozio.pro\/en\/wp-json\/wp\/v2\/product\/34762","targetHints":{"allow":["GET"]}}],"collection":[{"href":"https:\/\/grozio.pro\/en\/wp-json\/wp\/v2\/product"}],"about":[{"href":"https:\/\/grozio.pro\/en\/wp-json\/wp\/v2\/types\/product"}],"wp:featuredmedia":[{"embeddable":true,"href":"https:\/\/grozio.pro\/en\/wp-json\/wp\/v2\/media\/35013"}],"wp:attachment":[{"href":"https:\/\/grozio.pro\/en\/wp-json\/wp\/v2\/media?parent=34762"}],"wp:term":[{"taxonomy":"product_brand","embeddable":true,"href":"https:\/\/grozio.pro\/en\/wp-json\/wp\/v2\/product_brand?post=34762"},{"taxonomy":"product_cat","embeddable":true,"href":"https:\/\/grozio.pro\/en\/wp-json\/wp\/v2\/product_cat?post=34762"},{"taxonomy":"product_tag","embeddable":true,"href":"https:\/\/grozio.pro\/en\/wp-json\/wp\/v2\/product_tag?post=34762"}],"curies":[{"name":"wp","href":"https:\/\/api.w.org\/{rel}","templated":true}]}}