{"id":34766,"date":"2026-04-14T16:11:42","date_gmt":"2026-04-14T14:11:42","guid":{"rendered":"https:\/\/grozio.pro\/product\/be-kategorijos\/nutri-soothing-mask\/"},"modified":"2026-04-14T16:27:22","modified_gmt":"2026-04-14T14:27:22","slug":"nutri-soothing-mask","status":"publish","type":"product","link":"https:\/\/grozio.pro\/en\/product\/sothys\/nutri-soothing-mask\/","title":{"rendered":"Nutri-soothing mask"},"content":{"rendered":"<p>\u0160i hipoalergin\u0117 kauk\u0117 &#8211; skubi pagalba, kuri apgaubia od\u0105 \u0161velnia tekst\u016bra, nuramina ir subalansuoja jautri\u0105 od\u0105. Skubus veikimas u\u017etikrina diskomforto pa\u0161alinimo poveik\u012f visiems jautrios odos tipams, o kremin\u0117 tekst\u016bra u\u017ebaigia krem\u0173 ir serum\u0173 poveik\u012f.<\/p>\n","protected":false},"excerpt":{"rendered":"<p>\u0160i hipoalergin\u0117 kauk\u0117 &#8211; skubi pagalba, kuri apgaubia od\u0105 \u0161velnia tekst\u016bra, nuramina ir subalansuoja jautri\u0105 od\u0105. Skubus veikimas u\u017etikrina diskomforto pa\u0161alinimo poveik\u012f visiems jautrios odos tipams, o kremin\u0117 tekst\u016bra u\u017ebaigia krem\u0173 ir serum\u0173 poveik\u012f.<\/p>\n","protected":false},"featured_media":35019,"template":"","meta":{"_acf_changed":false},"product_brand":[],"product_cat":[394],"product_tag":[],"class_list":{"0":"post-34766","1":"product","2":"type-product","3":"status-publish","4":"has-post-thumbnail","6":"product_cat-veido-prieziura","7":"yith_product_brand-sothys","9":"first","10":"instock","11":"taxable","12":"shipping-taxable","13":"product-type-simple"},"acf":[],"_links":{"self":[{"href":"https:\/\/grozio.pro\/en\/wp-json\/wp\/v2\/product\/34766","targetHints":{"allow":["GET"]}}],"collection":[{"href":"https:\/\/grozio.pro\/en\/wp-json\/wp\/v2\/product"}],"about":[{"href":"https:\/\/grozio.pro\/en\/wp-json\/wp\/v2\/types\/product"}],"wp:featuredmedia":[{"embeddable":true,"href":"https:\/\/grozio.pro\/en\/wp-json\/wp\/v2\/media\/35019"}],"wp:attachment":[{"href":"https:\/\/grozio.pro\/en\/wp-json\/wp\/v2\/media?parent=34766"}],"wp:term":[{"taxonomy":"product_brand","embeddable":true,"href":"https:\/\/grozio.pro\/en\/wp-json\/wp\/v2\/product_brand?post=34766"},{"taxonomy":"product_cat","embeddable":true,"href":"https:\/\/grozio.pro\/en\/wp-json\/wp\/v2\/product_cat?post=34766"},{"taxonomy":"product_tag","embeddable":true,"href":"https:\/\/grozio.pro\/en\/wp-json\/wp\/v2\/product_tag?post=34766"}],"curies":[{"name":"wp","href":"https:\/\/api.w.org\/{rel}","templated":true}]}}