{"id":34814,"date":"2026-04-14T16:13:19","date_gmt":"2026-04-14T14:13:19","guid":{"rendered":"https:\/\/grozio.pro\/product\/be-kategorijos\/hydra-plumping-mask-2\/"},"modified":"2026-04-14T16:29:10","modified_gmt":"2026-04-14T14:29:10","slug":"hydra-plumping-mask-2","status":"publish","type":"product","link":"https:\/\/grozio.pro\/en\/product\/sothys\/hydra-plumping-mask-2\/","title":{"rendered":"Hydra-plumping mask"},"content":{"rendered":"<p>NAUJA DR\u0116KINAMOJI LINIJA 4X: KETURGUBA DR\u0116KINIMO GALIA. Dvigubas &#8211; dr\u0117kinimo ir jaunyst\u0117s i\u0161saugojimo &#8211; poveikis vienoje kauk\u0117je. \u0160i kauk\u0117 apjungia 2 patentuotas Sothys veikli\u0105sias med\u017eiagas ir didelio molekulinio svorio hialurono r\u016bg\u0161t\u012f. Sukurta stipriai dr\u0117kinti akimirksniu, kauk\u0117 taip pat turi maloni\u0105 apgaubian\u010di\u0105 tekst\u016br\u0105. Vos po keli\u0173 minu\u010di\u0173 oda tampa akivaizd\u017eiai putlesn\u0117 ir atrodo atjaun\u0117jusi, veido odos spalva v\u0117l \u0161vyti.<\/p>\n","protected":false},"excerpt":{"rendered":"<p>NAUJA DR\u0116KINAMOJI LINIJA 4X: KETURGUBA DR\u0116KINIMO GALIA. Dvigubas &#8211; dr\u0117kinimo ir jaunyst\u0117s i\u0161saugojimo &#8211; poveikis vienoje kauk\u0117je. \u0160i kauk\u0117 apjungia 2 patentuotas Sothys veikli\u0105sias med\u017eiagas ir didelio molekulinio svorio hialurono r\u016bg\u0161t\u012f. Sukurta stipriai dr\u0117kinti akimirksniu, kauk\u0117 taip pat turi maloni\u0105 apgaubian\u010di\u0105 tekst\u016br\u0105. Vos po keli\u0173 minu\u010di\u0173 oda tampa akivaizd\u017eiai putlesn\u0117 ir atrodo atjaun\u0117jusi, veido odos [&hellip;]<\/p>\n","protected":false},"featured_media":34992,"template":"","meta":{"_acf_changed":false},"product_brand":[],"product_cat":[394],"product_tag":[],"class_list":{"0":"post-34814","1":"product","2":"type-product","3":"status-publish","4":"has-post-thumbnail","6":"product_cat-veido-prieziura","7":"yith_product_brand-sothys","9":"first","10":"instock","11":"taxable","12":"shipping-taxable","13":"product-type-simple"},"acf":[],"_links":{"self":[{"href":"https:\/\/grozio.pro\/en\/wp-json\/wp\/v2\/product\/34814","targetHints":{"allow":["GET"]}}],"collection":[{"href":"https:\/\/grozio.pro\/en\/wp-json\/wp\/v2\/product"}],"about":[{"href":"https:\/\/grozio.pro\/en\/wp-json\/wp\/v2\/types\/product"}],"wp:featuredmedia":[{"embeddable":true,"href":"https:\/\/grozio.pro\/en\/wp-json\/wp\/v2\/media\/34992"}],"wp:attachment":[{"href":"https:\/\/grozio.pro\/en\/wp-json\/wp\/v2\/media?parent=34814"}],"wp:term":[{"taxonomy":"product_brand","embeddable":true,"href":"https:\/\/grozio.pro\/en\/wp-json\/wp\/v2\/product_brand?post=34814"},{"taxonomy":"product_cat","embeddable":true,"href":"https:\/\/grozio.pro\/en\/wp-json\/wp\/v2\/product_cat?post=34814"},{"taxonomy":"product_tag","embeddable":true,"href":"https:\/\/grozio.pro\/en\/wp-json\/wp\/v2\/product_tag?post=34814"}],"curies":[{"name":"wp","href":"https:\/\/api.w.org\/{rel}","templated":true}]}}