{"id":34846,"date":"2026-04-14T16:14:21","date_gmt":"2026-04-14T14:14:21","guid":{"rendered":"https:\/\/grozio.pro\/product\/be-kategorijos\/ampoule-youth\/"},"modified":"2026-05-09T01:26:38","modified_gmt":"2026-05-08T23:26:38","slug":"ampoule-youth","status":"publish","type":"product","link":"https:\/\/grozio.pro\/en\/product\/sothys\/ampoule-youth\/","title":{"rendered":"AMPOULE YOUTH"},"content":{"rendered":"<p><\/p>\n<div>\n<p>This pro dermobooster ampoule program, enriched with youth ingredients renowned for their efficiency delivers the appearance of a firmer, smoother skin.<br \/>Its core formula contains plant collagen to help restore skin\u2019s elasticity and reduce the appearance of fine lines and wrinkles. The\u00a0 visage seems lifted, the skin looks more youthful after 7 days.\u00a0<\/p>\n<\/div>\n<p><\/p>","protected":false},"excerpt":{"rendered":"<div>\n<p>7 dien\u0173 ampuli\u0173 kursas, skirtas pad\u0117ti suma\u017einti matomus odos sen\u0117jimo po\u017eymius.<\/p>\n<\/div>\n","protected":false},"featured_media":39221,"template":"","meta":{"_acf_changed":false},"product_brand":[],"product_cat":[3118],"product_tag":[],"class_list":{"0":"post-34846","1":"product","2":"type-product","3":"status-publish","4":"has-post-thumbnail","6":"product_cat-skin-care","7":"yith_product_brand-sothys","9":"first","10":"instock","11":"taxable","12":"shipping-taxable","13":"product-type-simple"},"acf":[],"_links":{"self":[{"href":"https:\/\/grozio.pro\/en\/wp-json\/wp\/v2\/product\/34846","targetHints":{"allow":["GET"]}}],"collection":[{"href":"https:\/\/grozio.pro\/en\/wp-json\/wp\/v2\/product"}],"about":[{"href":"https:\/\/grozio.pro\/en\/wp-json\/wp\/v2\/types\/product"}],"wp:featuredmedia":[{"embeddable":true,"href":"https:\/\/grozio.pro\/en\/wp-json\/wp\/v2\/media\/39221"}],"wp:attachment":[{"href":"https:\/\/grozio.pro\/en\/wp-json\/wp\/v2\/media?parent=34846"}],"wp:term":[{"taxonomy":"product_brand","embeddable":true,"href":"https:\/\/grozio.pro\/en\/wp-json\/wp\/v2\/product_brand?post=34846"},{"taxonomy":"product_cat","embeddable":true,"href":"https:\/\/grozio.pro\/en\/wp-json\/wp\/v2\/product_cat?post=34846"},{"taxonomy":"product_tag","embeddable":true,"href":"https:\/\/grozio.pro\/en\/wp-json\/wp\/v2\/product_tag?post=34846"}],"curies":[{"name":"wp","href":"https:\/\/api.w.org\/{rel}","templated":true}]}}